{"id":5442,"date":"2022-10-17T18:20:56","date_gmt":"2022-10-17T16:20:56","guid":{"rendered":"https:\/\/safetruck.uk\/uslugi\/wsparcie-techniczne\/"},"modified":"2022-11-20T23:00:12","modified_gmt":"2022-11-20T22:00:12","slug":"wsparcie-techniczne","status":"publish","type":"page","link":"https:\/\/safetruck.uk\/pl\/uslugi\/wsparcie-techniczne\/","title":{"rendered":"Wsparcie techniczne"},"content":{"rendered":"\t\t<div data-elementor-type=\"wp-page\" data-elementor-id=\"5442\" class=\"elementor elementor-5442 elementor-5398\">\n\t\t\t\t\t\t<section class=\"elementor-section elementor-top-section elementor-element elementor-element-5c68a90 elementor-section-boxed elementor-section-height-default elementor-section-height-default\" data-id=\"5c68a90\" data-element_type=\"section\">\n\t\t\t\t\t\t<div class=\"elementor-container elementor-column-gap-default\">\n\t\t\t\t\t<div class=\"elementor-column elementor-col-50 elementor-top-column elementor-element elementor-element-cb0cae7\" data-id=\"cb0cae7\" data-element_type=\"column\">\n\t\t\t<div class=\"elementor-widget-wrap elementor-element-populated\">\n\t\t\t\t\t\t<div class=\"elementor-element elementor-element-fb7988d elementor-widget elementor-widget-retirio_elementor_heading\" data-id=\"fb7988d\" data-element_type=\"widget\" data-widget_type=\"retirio_elementor_heading.default\">\n\t\t\t\t<div class=\"elementor-widget-container\">\n\t\t\t\n\t\t<div class=\"ova-title\">\n\n\t\t\t\t\t\t\t<h3 class=\"sub-title\">Us\u0142ugi SafeTruck<\/h3>\n\t\t\t\n\t\t\t\t\t\t\t\t\t\t\t\t\t\t<h2 class=\"title\">\n\t\t\t\t\t\t\t\tTechnical<br\/>& Organisational <span class=\"underline\">Support<\/span>\t\t\t\t\t\t\t<\/h2>\n\t\t\t\t\t\t\t\n\t\t\t\n\t\t<\/div> \n\t\t\t\t<\/div>\n\t\t\t\t<\/div>\n\t\t\t\t<div class=\"elementor-element elementor-element-1367464 elementor-widget elementor-widget-text-editor\" data-id=\"1367464\" data-element_type=\"widget\" data-widget_type=\"text-editor.default\">\n\t\t\t\t<div class=\"elementor-widget-container\">\n\t\t\t<style>\/*! elementor - v3.20.0 - 13-03-2024 *\/\n.elementor-widget-text-editor.elementor-drop-cap-view-stacked .elementor-drop-cap{background-color:#69727d;color:#fff}.elementor-widget-text-editor.elementor-drop-cap-view-framed .elementor-drop-cap{color:#69727d;border:3px solid;background-color:transparent}.elementor-widget-text-editor:not(.elementor-drop-cap-view-default) .elementor-drop-cap{margin-top:8px}.elementor-widget-text-editor:not(.elementor-drop-cap-view-default) .elementor-drop-cap-letter{width:1em;height:1em}.elementor-widget-text-editor .elementor-drop-cap{float:left;text-align:center;line-height:1;font-size:50px}.elementor-widget-text-editor .elementor-drop-cap-letter{display:inline-block}<\/style>\t\t\t\t<p>Wspieramy przedsi\u0119biorstwa transportowe z ca\u0142ej Unii Europejskiej od 2006 roku. Zapewniamy pomoc prawn\u0105, techniczn\u0105 i organizacyjn\u0105 od samego pocz\u0105tku funkcjonowania przedsi\u0119biorstwa. Pomagamy przewo\u017anikom w zakresie:<\/p>\t\t\t\t\t\t<\/div>\n\t\t\t\t<\/div>\n\t\t\t\t<div class=\"elementor-element elementor-element-c950e0a elementor-icon-list--layout-traditional elementor-list-item-link-full_width elementor-widget elementor-widget-icon-list\" data-id=\"c950e0a\" data-element_type=\"widget\" data-widget_type=\"icon-list.default\">\n\t\t\t\t<div class=\"elementor-widget-container\">\n\t\t\t<link rel=\"stylesheet\" href=\"https:\/\/safetruck.uk\/wp-content\/plugins\/elementor\/assets\/css\/widget-icon-list.min.css\">\t\t<ul class=\"elementor-icon-list-items\">\n\t\t\t\t\t\t\t<li class=\"elementor-icon-list-item\">\n\t\t\t\t\t\t\t\t\t\t\t<span class=\"elementor-icon-list-icon\">\n\t\t\t\t\t\t\t<i aria-hidden=\"true\" class=\"flaticon flaticon-fast-forward\"><\/i>\t\t\t\t\t\t<\/span>\n\t\t\t\t\t\t\t\t\t\t<span class=\"elementor-icon-list-text\">Otwierania firmy przewozowej w UK oraz w UE,<\/span>\n\t\t\t\t\t\t\t\t\t<\/li>\n\t\t\t\t\t\t\t\t<li class=\"elementor-icon-list-item\">\n\t\t\t\t\t\t\t\t\t\t\t<span class=\"elementor-icon-list-icon\">\n\t\t\t\t\t\t\t<i aria-hidden=\"true\" class=\"flaticon flaticon-fast-forward\"><\/i>\t\t\t\t\t\t<\/span>\n\t\t\t\t\t\t\t\t\t\t<span class=\"elementor-icon-list-text\">Zdobywania certyfikatu kompetencji b\u0105d\u017a udost\u0119pniania osoby z takim certyfikatem,<\/span>\n\t\t\t\t\t\t\t\t\t<\/li>\n\t\t\t\t\t\t\t\t<li class=\"elementor-icon-list-item\">\n\t\t\t\t\t\t\t\t\t\t\t<span class=\"elementor-icon-list-icon\">\n\t\t\t\t\t\t\t<i aria-hidden=\"true\" class=\"flaticon flaticon-fast-forward\"><\/i>\t\t\t\t\t\t<\/span>\n\t\t\t\t\t\t\t\t\t\t<span class=\"elementor-icon-list-text\">Wdro\u017cenie systemu zarz\u0105dzania czasem pracy kierowc\u00f3w,<\/span>\n\t\t\t\t\t\t\t\t\t<\/li>\n\t\t\t\t\t\t\t\t<li class=\"elementor-icon-list-item\">\n\t\t\t\t\t\t\t\t\t\t\t<span class=\"elementor-icon-list-icon\">\n\t\t\t\t\t\t\t<i aria-hidden=\"true\" class=\"flaticon flaticon-fast-forward\"><\/i>\t\t\t\t\t\t<\/span>\n\t\t\t\t\t\t\t\t\t\t<span class=\"elementor-icon-list-text\">Doradztwo techniczne odno\u015bnie sprz\u0119tu do odczytu i archiwizacji danych z tachografu,<\/span>\n\t\t\t\t\t\t\t\t\t<\/li>\n\t\t\t\t\t\t\t\t<li class=\"elementor-icon-list-item\">\n\t\t\t\t\t\t\t\t\t\t\t<span class=\"elementor-icon-list-icon\">\n\t\t\t\t\t\t\t<i aria-hidden=\"true\" class=\"flaticon flaticon-fast-forward\"><\/i>\t\t\t\t\t\t<\/span>\n\t\t\t\t\t\t\t\t\t\t<span class=\"elementor-icon-list-text\">Us\u0142ugi doradcy DGSA \u2013 Dangerous Safety Adviser, sporz\u0105dzanie raport\u00f3w zgodnie z Umow\u0105 ADR, kontrole techniczne \u015brodk\u00f3w transportu w aspekcie przewozu towar\u00f3w niebezpiecznych,<\/span>\n\t\t\t\t\t\t\t\t\t<\/li>\n\t\t\t\t\t\t\t\t<li class=\"elementor-icon-list-item\">\n\t\t\t\t\t\t\t\t\t\t\t<span class=\"elementor-icon-list-icon\">\n\t\t\t\t\t\t\t<i aria-hidden=\"true\" class=\"flaticon flaticon-fast-forward\"><\/i>\t\t\t\t\t\t<\/span>\n\t\t\t\t\t\t\t\t\t\t<span class=\"elementor-icon-list-text\">Pomoc prawna w razie kontroli drogowych na terenie ca\u0142ej UE, odwo\u0142ania od kar administracyjnych, grzywien, decyzji o zaj\u0119ciu pojazd\u00f3w,<\/span>\n\t\t\t\t\t\t\t\t\t<\/li>\n\t\t\t\t\t\t\t\t<li class=\"elementor-icon-list-item\">\n\t\t\t\t\t\t\t\t\t\t\t<span class=\"elementor-icon-list-icon\">\n\t\t\t\t\t\t\t<i aria-hidden=\"true\" class=\"flaticon flaticon-fast-forward\"><\/i>\t\t\t\t\t\t<\/span>\n\t\t\t\t\t\t\t\t\t\t<span class=\"elementor-icon-list-text\">Pomoc w sporach z Border Force w razie wykrycia nielegalnych imigrant\u00f3w,<\/span>\n\t\t\t\t\t\t\t\t\t<\/li>\n\t\t\t\t\t\t\t\t<li class=\"elementor-icon-list-item\">\n\t\t\t\t\t\t\t\t\t\t\t<span class=\"elementor-icon-list-icon\">\n\t\t\t\t\t\t\t<i aria-hidden=\"true\" class=\"flaticon flaticon-fast-forward\"><\/i>\t\t\t\t\t\t<\/span>\n\t\t\t\t\t\t\t\t\t\t<span class=\"elementor-icon-list-text\">Zapewnienie reprezentant\u00f3w prawnych w Niemczech, Francji i W\u0142oszech przy delegowaniu pracownik\u00f3w w transporcie do 3,5 tony dopuszczalnej masy ca\u0142kowitej,<\/span>\n\t\t\t\t\t\t\t\t\t<\/li>\n\t\t\t\t\t\t\t\t<li class=\"elementor-icon-list-item\">\n\t\t\t\t\t\t\t\t\t\t\t<span class=\"elementor-icon-list-icon\">\n\t\t\t\t\t\t\t<i aria-hidden=\"true\" class=\"flaticon flaticon-fast-forward\"><\/i>\t\t\t\t\t\t<\/span>\n\t\t\t\t\t\t\t\t\t\t<span class=\"elementor-icon-list-text\">Us\u0142ugi t\u0142umaczenia dokument\u00f3w na wi\u0119kszo\u015b\u0107 europejskich j\u0119zyk\u00f3w (oraz w drug\u0105 stron\u0119).<\/span>\n\t\t\t\t\t\t\t\t\t<\/li>\n\t\t\t\t\t\t<\/ul>\n\t\t\t\t<\/div>\n\t\t\t\t<\/div>\n\t\t\t\t<div class=\"elementor-element elementor-element-1710530 elementor-widget elementor-widget-text-editor\" data-id=\"1710530\" data-element_type=\"widget\" data-widget_type=\"text-editor.default\">\n\t\t\t\t<div class=\"elementor-widget-container\">\n\t\t\t\t\t\t\t<p><strong>Masz w\u0105tpliwo\u015bci czy mo\u017cemy Ci pom\u00f3c? Napisz do nas e-mail. To naprawd\u0119 nic nie kosztuje.<\/strong><\/p>\t\t\t\t\t\t<\/div>\n\t\t\t\t<\/div>\n\t\t\t\t\t<\/div>\n\t\t<\/div>\n\t\t\t\t<div class=\"elementor-column elementor-col-50 elementor-top-column elementor-element elementor-element-168ecbf\" data-id=\"168ecbf\" data-element_type=\"column\">\n\t\t\t<div class=\"elementor-widget-wrap elementor-element-populated\">\n\t\t\t\t\t\t<div class=\"elementor-element elementor-element-92c04d2 elementor-animation-none elementor-widget elementor-widget-retirio_elementor_ova_image_box\" data-id=\"92c04d2\" data-element_type=\"widget\" data-widget_type=\"retirio_elementor_ova_image_box.default\">\n\t\t\t\t<div class=\"elementor-widget-container\">\n\t\t\t\t\t<div class=\"ova-image-box\">\n\t\t\t<img decoding=\"async\" src=\"https:\/\/safetruck.uk\/wp-content\/uploads\/2022\/11\/solve-problem-with-safetruck-01.jpg\" class=\"ova-image\" alt=\"\">\n\t\t\t\t\t\t\t<div class=\"title-box\">\n\t\t\t\t\t<h4 class=\"title\"> Tw\u00f3j ruch <\/h4>\n\t\t\t\t\t<div class=\"mask\"><\/div>\n\t\t\t\t<\/div>\n\t\t\t\t\n\t\t\t\t\t\t\n\t\t<\/div>\n\t\t \t\n\t\t\t\t<\/div>\n\t\t\t\t<\/div>\n\t\t\t\t\t<\/div>\n\t\t<\/div>\n\t\t\t\t\t<\/div>\n\t\t<\/section>\n\t\t\t\t<\/div>\n\t\t","protected":false},"excerpt":{"rendered":"<p>Us\u0142ugi SafeTruck Technical&#038; Organisational Support Wspieramy przedsi\u0119biorstwa transportowe z ca\u0142ej Unii Europejskiej od 2006 roku. Zapewniamy pomoc prawn\u0105, techniczn\u0105 i organizacyjn\u0105 od samego pocz\u0105tku funkcjonowania przedsi\u0119biorstwa. Pomagamy przewo\u017anikom w zakresie: Otwierania firmy przewozowej w UK oraz w UE, Zdobywania certyfikatu kompetencji b\u0105d\u017a udost\u0119pniania osoby z takim certyfikatem, Wdro\u017cenie systemu zarz\u0105dzania czasem pracy kierowc\u00f3w, Doradztwo techniczne [&hellip;]<\/p>\n","protected":false},"author":1,"featured_media":0,"parent":5305,"menu_order":0,"comment_status":"closed","ping_status":"closed","template":"","meta":{"footnotes":""},"class_list":["post-5442","page","type-page","status-publish","hentry"],"aioseo_notices":[],"_links":{"self":[{"href":"https:\/\/safetruck.uk\/pl\/wp-json\/wp\/v2\/pages\/5442","targetHints":{"allow":["GET"]}}],"collection":[{"href":"https:\/\/safetruck.uk\/pl\/wp-json\/wp\/v2\/pages"}],"about":[{"href":"https:\/\/safetruck.uk\/pl\/wp-json\/wp\/v2\/types\/page"}],"author":[{"embeddable":true,"href":"https:\/\/safetruck.uk\/pl\/wp-json\/wp\/v2\/users\/1"}],"replies":[{"embeddable":true,"href":"https:\/\/safetruck.uk\/pl\/wp-json\/wp\/v2\/comments?post=5442"}],"version-history":[{"count":14,"href":"https:\/\/safetruck.uk\/pl\/wp-json\/wp\/v2\/pages\/5442\/revisions"}],"predecessor-version":[{"id":5716,"href":"https:\/\/safetruck.uk\/pl\/wp-json\/wp\/v2\/pages\/5442\/revisions\/5716"}],"up":[{"embeddable":true,"href":"https:\/\/safetruck.uk\/pl\/wp-json\/wp\/v2\/pages\/5305"}],"wp:attachment":[{"href":"https:\/\/safetruck.uk\/pl\/wp-json\/wp\/v2\/media?parent=5442"}],"curies":[{"name":"wp","href":"https:\/\/api.w.org\/{rel}","templated":true}]}}