{"id":5440,"date":"2022-10-17T18:18:17","date_gmt":"2022-10-17T16:18:17","guid":{"rendered":"https:\/\/safetruck.uk\/uslugi\/tachografy\/"},"modified":"2022-11-20T23:00:04","modified_gmt":"2022-11-20T22:00:04","slug":"tachografy","status":"publish","type":"page","link":"https:\/\/safetruck.uk\/pl\/uslugi\/tachografy\/","title":{"rendered":"Tachografy"},"content":{"rendered":"\t\t<div data-elementor-type=\"wp-page\" data-elementor-id=\"5440\" class=\"elementor elementor-5440 elementor-5396\">\n\t\t\t\t\t\t<section class=\"elementor-section elementor-top-section elementor-element elementor-element-4d03f92 elementor-section-boxed elementor-section-height-default elementor-section-height-default\" data-id=\"4d03f92\" data-element_type=\"section\">\n\t\t\t\t\t\t<div class=\"elementor-container elementor-column-gap-default\">\n\t\t\t\t\t<div class=\"elementor-column elementor-col-50 elementor-top-column elementor-element elementor-element-8b52ada\" data-id=\"8b52ada\" data-element_type=\"column\">\n\t\t\t<div class=\"elementor-widget-wrap elementor-element-populated\">\n\t\t\t\t\t\t<div class=\"elementor-element elementor-element-2503ddc elementor-widget elementor-widget-retirio_elementor_heading\" data-id=\"2503ddc\" data-element_type=\"widget\" data-widget_type=\"retirio_elementor_heading.default\">\n\t\t\t\t<div class=\"elementor-widget-container\">\n\t\t\t\n\t\t<div class=\"ova-title\">\n\n\t\t\t\t\t\t\t<h3 class=\"sub-title\">Us\u0142ugi SafeTruck<\/h3>\n\t\t\t\n\t\t\t\t\t\t\t\t\t\t\t\t\t\t<h2 class=\"title\">\n\t\t\t\t\t\t\t\tTachographs\n& Drivers <span class=\"underline\">Worktime<\/span>\t\t\t\t\t\t\t<\/h2>\n\t\t\t\t\t\t\t\n\t\t\t\n\t\t<\/div> \n\t\t\t\t<\/div>\n\t\t\t\t<\/div>\n\t\t\t\t<div class=\"elementor-element elementor-element-c9daaec elementor-widget elementor-widget-text-editor\" data-id=\"c9daaec\" data-element_type=\"widget\" data-widget_type=\"text-editor.default\">\n\t\t\t\t<div class=\"elementor-widget-container\">\n\t\t\t<style>\/*! elementor - v3.20.0 - 13-03-2024 *\/\n.elementor-widget-text-editor.elementor-drop-cap-view-stacked .elementor-drop-cap{background-color:#69727d;color:#fff}.elementor-widget-text-editor.elementor-drop-cap-view-framed .elementor-drop-cap{color:#69727d;border:3px solid;background-color:transparent}.elementor-widget-text-editor:not(.elementor-drop-cap-view-default) .elementor-drop-cap{margin-top:8px}.elementor-widget-text-editor:not(.elementor-drop-cap-view-default) .elementor-drop-cap-letter{width:1em;height:1em}.elementor-widget-text-editor .elementor-drop-cap{float:left;text-align:center;line-height:1;font-size:50px}.elementor-widget-text-editor .elementor-drop-cap-letter{display:inline-block}<\/style>\t\t\t\t<p>Analiza danych rejestrowanych przez tachograf pozwala na wszechstronn\u0105 ocen\u0119 funkcjonowania przedsi\u0119biorstwa transportowego \u2013 niezb\u0119dna jest jednak specjalistyczna wiedza i odpowiednie oprogramowanie. Na podstawie tych danych mo\u017cemy dla naszych klient\u00f3w sporz\u0105dzi\u0107 nast\u0119puj\u0105c\u0105 dokumentacj\u0119 i analizy<\/p>\t\t\t\t\t\t<\/div>\n\t\t\t\t<\/div>\n\t\t\t\t<div class=\"elementor-element elementor-element-48d695c elementor-icon-list--layout-traditional elementor-list-item-link-full_width elementor-widget elementor-widget-icon-list\" data-id=\"48d695c\" data-element_type=\"widget\" data-widget_type=\"icon-list.default\">\n\t\t\t\t<div class=\"elementor-widget-container\">\n\t\t\t<link rel=\"stylesheet\" href=\"https:\/\/safetruck.uk\/wp-content\/plugins\/elementor\/assets\/css\/widget-icon-list.min.css\">\t\t<ul class=\"elementor-icon-list-items\">\n\t\t\t\t\t\t\t<li class=\"elementor-icon-list-item\">\n\t\t\t\t\t\t\t\t\t\t\t<span class=\"elementor-icon-list-icon\">\n\t\t\t\t\t\t\t<i aria-hidden=\"true\" class=\"flaticon flaticon-fast-forward\"><\/i>\t\t\t\t\t\t<\/span>\n\t\t\t\t\t\t\t\t\t\t<span class=\"elementor-icon-list-text\">rozliczenie czasu pracy kierowc\u00f3w do cel\u00f3w kontrolnych (umowa AETR i rozporz\u0105dzenie UE 561\/2006),<\/span>\n\t\t\t\t\t\t\t\t\t<\/li>\n\t\t\t\t\t\t\t\t<li class=\"elementor-icon-list-item\">\n\t\t\t\t\t\t\t\t\t\t\t<span class=\"elementor-icon-list-icon\">\n\t\t\t\t\t\t\t<i aria-hidden=\"true\" class=\"flaticon flaticon-fast-forward\"><\/i>\t\t\t\t\t\t<\/span>\n\t\t\t\t\t\t\t\t\t\t<span class=\"elementor-icon-list-text\">rozliczenie pracy kierowc\u00f3w do cel\u00f3w naliczenia wynagrodzenia oraz p\u0142acy zagranicznej w ramach delegowania,<\/span>\n\t\t\t\t\t\t\t\t\t<\/li>\n\t\t\t\t\t\t\t\t<li class=\"elementor-icon-list-item\">\n\t\t\t\t\t\t\t\t\t\t\t<span class=\"elementor-icon-list-icon\">\n\t\t\t\t\t\t\t<i aria-hidden=\"true\" class=\"flaticon flaticon-fast-forward\"><\/i>\t\t\t\t\t\t<\/span>\n\t\t\t\t\t\t\t\t\t\t<span class=\"elementor-icon-list-text\">weryfikacja kompletno\u015bci danych \u2013 wykrywanie manipulacji w zapisie, braku kompletno\u015bci danych,<\/span>\n\t\t\t\t\t\t\t\t\t<\/li>\n\t\t\t\t\t\t\t\t<li class=\"elementor-icon-list-item\">\n\t\t\t\t\t\t\t\t\t\t\t<span class=\"elementor-icon-list-icon\">\n\t\t\t\t\t\t\t<i aria-hidden=\"true\" class=\"flaticon flaticon-fast-forward\"><\/i>\t\t\t\t\t\t<\/span>\n\t\t\t\t\t\t\t\t\t\t<span class=\"elementor-icon-list-text\">weryfikacja okoliczno\u015bci zwi\u0105zanych z wypadkiem drogowym,<\/span>\n\t\t\t\t\t\t\t\t\t<\/li>\n\t\t\t\t\t\t\t\t<li class=\"elementor-icon-list-item\">\n\t\t\t\t\t\t\t\t\t\t\t<span class=\"elementor-icon-list-icon\">\n\t\t\t\t\t\t\t<i aria-hidden=\"true\" class=\"flaticon flaticon-fast-forward\"><\/i>\t\t\t\t\t\t<\/span>\n\t\t\t\t\t\t\t\t\t\t<span class=\"elementor-icon-list-text\">analiza rentowno\u015bci przedsi\u0119biorstwa w uj\u0119ciu kr\u00f3tko i d\u0142ugoterminowym,<\/span>\n\t\t\t\t\t\t\t\t\t<\/li>\n\t\t\t\t\t\t\t\t<li class=\"elementor-icon-list-item\">\n\t\t\t\t\t\t\t\t\t\t\t<span class=\"elementor-icon-list-icon\">\n\t\t\t\t\t\t\t<i aria-hidden=\"true\" class=\"flaticon flaticon-fast-forward\"><\/i>\t\t\t\t\t\t<\/span>\n\t\t\t\t\t\t\t\t\t\t<span class=\"elementor-icon-list-text\">badanie wydajno\u015bci poszczeg\u00f3lnych kierowc\u00f3w w odniesieniu do r\u00f3\u017cnych tras przewozu,<\/span>\n\t\t\t\t\t\t\t\t\t<\/li>\n\t\t\t\t\t\t\t\t<li class=\"elementor-icon-list-item\">\n\t\t\t\t\t\t\t\t\t\t\t<span class=\"elementor-icon-list-icon\">\n\t\t\t\t\t\t\t<i aria-hidden=\"true\" class=\"flaticon flaticon-fast-forward\"><\/i>\t\t\t\t\t\t<\/span>\n\t\t\t\t\t\t\t\t\t\t<span class=\"elementor-icon-list-text\">analiza zu\u017cycia paliwa w odniesieniu do tras i kierowc\u00f3w.<\/span>\n\t\t\t\t\t\t\t\t\t<\/li>\n\t\t\t\t\t\t<\/ul>\n\t\t\t\t<\/div>\n\t\t\t\t<\/div>\n\t\t\t\t<div class=\"elementor-element elementor-element-69b0873 elementor-widget elementor-widget-text-editor\" data-id=\"69b0873\" data-element_type=\"widget\" data-widget_type=\"text-editor.default\">\n\t\t\t\t<div class=\"elementor-widget-container\">\n\t\t\t\t\t\t\t<p><strong>SAFERTRUCK<\/strong> posiada wykwalifikowan\u0105 kadr\u0119 od 15 lat wykonuj\u0105c\u0105 analizy i badania dla firm, organ\u00f3w kontroli i s\u0105d\u00f3w powszechnych.<\/p>\t\t\t\t\t\t<\/div>\n\t\t\t\t<\/div>\n\t\t\t\t\t<\/div>\n\t\t<\/div>\n\t\t\t\t<div class=\"elementor-column elementor-col-50 elementor-top-column elementor-element elementor-element-a13c669\" data-id=\"a13c669\" data-element_type=\"column\">\n\t\t\t<div class=\"elementor-widget-wrap elementor-element-populated\">\n\t\t\t\t\t\t<div class=\"elementor-element elementor-element-dcdf996 elementor-animation-none elementor-widget elementor-widget-retirio_elementor_ova_image_box\" data-id=\"dcdf996\" data-element_type=\"widget\" data-widget_type=\"retirio_elementor_ova_image_box.default\">\n\t\t\t\t<div class=\"elementor-widget-container\">\n\t\t\t\t\t<div class=\"ova-image-box\">\n\t\t\t<img decoding=\"async\" src=\"https:\/\/safetruck.uk\/wp-content\/uploads\/2022\/11\/comprehensive-data-analysis-01.jpg\" class=\"ova-image\" alt=\"\">\n\t\t\t\t\t\t\t<div class=\"title-box\">\n\t\t\t\t\t<h4 class=\"title\"> Kompleksowa analiza danych \nz tachografu i karty kierowcy <\/h4>\n\t\t\t\t\t<div class=\"mask\"><\/div>\n\t\t\t\t<\/div>\n\t\t\t\t\n\t\t\t\t\t\t\n\t\t<\/div>\n\t\t \t\n\t\t\t\t<\/div>\n\t\t\t\t<\/div>\n\t\t\t\t\t<\/div>\n\t\t<\/div>\n\t\t\t\t\t<\/div>\n\t\t<\/section>\n\t\t\t\t<\/div>\n\t\t","protected":false},"excerpt":{"rendered":"<p>Us\u0142ugi SafeTruck Tachographs &#038; Drivers Worktime Analiza danych rejestrowanych przez tachograf pozwala na wszechstronn\u0105 ocen\u0119 funkcjonowania przedsi\u0119biorstwa transportowego \u2013 niezb\u0119dna jest jednak specjalistyczna wiedza i odpowiednie oprogramowanie. Na podstawie tych danych mo\u017cemy dla naszych klient\u00f3w sporz\u0105dzi\u0107 nast\u0119puj\u0105c\u0105 dokumentacj\u0119 i analizy rozliczenie czasu pracy kierowc\u00f3w do cel\u00f3w kontrolnych (umowa AETR i rozporz\u0105dzenie UE 561\/2006), rozliczenie pracy [&hellip;]<\/p>\n","protected":false},"author":1,"featured_media":0,"parent":5305,"menu_order":0,"comment_status":"closed","ping_status":"closed","template":"","meta":{"footnotes":""},"class_list":["post-5440","page","type-page","status-publish","hentry"],"aioseo_notices":[],"_links":{"self":[{"href":"https:\/\/safetruck.uk\/pl\/wp-json\/wp\/v2\/pages\/5440","targetHints":{"allow":["GET"]}}],"collection":[{"href":"https:\/\/safetruck.uk\/pl\/wp-json\/wp\/v2\/pages"}],"about":[{"href":"https:\/\/safetruck.uk\/pl\/wp-json\/wp\/v2\/types\/page"}],"author":[{"embeddable":true,"href":"https:\/\/safetruck.uk\/pl\/wp-json\/wp\/v2\/users\/1"}],"replies":[{"embeddable":true,"href":"https:\/\/safetruck.uk\/pl\/wp-json\/wp\/v2\/comments?post=5440"}],"version-history":[{"count":17,"href":"https:\/\/safetruck.uk\/pl\/wp-json\/wp\/v2\/pages\/5440\/revisions"}],"predecessor-version":[{"id":5713,"href":"https:\/\/safetruck.uk\/pl\/wp-json\/wp\/v2\/pages\/5440\/revisions\/5713"}],"up":[{"embeddable":true,"href":"https:\/\/safetruck.uk\/pl\/wp-json\/wp\/v2\/pages\/5305"}],"wp:attachment":[{"href":"https:\/\/safetruck.uk\/pl\/wp-json\/wp\/v2\/media?parent=5440"}],"curies":[{"name":"wp","href":"https:\/\/api.w.org\/{rel}","templated":true}]}}