{"id":5436,"date":"2022-10-17T18:21:40","date_gmt":"2022-10-17T16:21:40","guid":{"rendered":"https:\/\/safetruck.uk\/uslugi\/edukacja\/"},"modified":"2022-11-20T23:00:20","modified_gmt":"2022-11-20T22:00:20","slug":"edukacja","status":"publish","type":"page","link":"https:\/\/safetruck.uk\/pl\/uslugi\/edukacja\/","title":{"rendered":"Edukacja"},"content":{"rendered":"\t\t<div data-elementor-type=\"wp-page\" data-elementor-id=\"5436\" class=\"elementor elementor-5436 elementor-5400\">\n\t\t\t\t\t\t<section class=\"elementor-section elementor-top-section elementor-element elementor-element-170aa6c elementor-section-boxed elementor-section-height-default elementor-section-height-default\" data-id=\"170aa6c\" data-element_type=\"section\">\n\t\t\t\t\t\t<div class=\"elementor-container elementor-column-gap-default\">\n\t\t\t\t\t<div class=\"elementor-column elementor-col-50 elementor-top-column elementor-element elementor-element-86968b8\" data-id=\"86968b8\" data-element_type=\"column\">\n\t\t\t<div class=\"elementor-widget-wrap elementor-element-populated\">\n\t\t\t\t\t\t<div class=\"elementor-element elementor-element-f6fc6b7 elementor-widget elementor-widget-retirio_elementor_heading\" data-id=\"f6fc6b7\" data-element_type=\"widget\" data-widget_type=\"retirio_elementor_heading.default\">\n\t\t\t\t<div class=\"elementor-widget-container\">\n\t\t\t\n\t\t<div class=\"ova-title\">\n\n\t\t\t\t\t\t\t<h3 class=\"sub-title\">Us\u0142ugi SafeTruck<\/h3>\n\t\t\t\n\t\t\t\t\t\t\t\t\t\t\t\t\t\t<h2 class=\"title\">\n\t\t\t\t\t\t\t\tEducation & <span class=\"underline\">Training<\/span>\t\t\t\t\t\t\t<\/h2>\n\t\t\t\t\t\t\t\n\t\t\t\n\t\t<\/div> \n\t\t\t\t<\/div>\n\t\t\t\t<\/div>\n\t\t\t\t<div class=\"elementor-element elementor-element-121f06b elementor-widget elementor-widget-text-editor\" data-id=\"121f06b\" data-element_type=\"widget\" data-widget_type=\"text-editor.default\">\n\t\t\t\t<div class=\"elementor-widget-container\">\n\t\t\t<style>\/*! elementor - v3.20.0 - 13-03-2024 *\/\n.elementor-widget-text-editor.elementor-drop-cap-view-stacked .elementor-drop-cap{background-color:#69727d;color:#fff}.elementor-widget-text-editor.elementor-drop-cap-view-framed .elementor-drop-cap{color:#69727d;border:3px solid;background-color:transparent}.elementor-widget-text-editor:not(.elementor-drop-cap-view-default) .elementor-drop-cap{margin-top:8px}.elementor-widget-text-editor:not(.elementor-drop-cap-view-default) .elementor-drop-cap-letter{width:1em;height:1em}.elementor-widget-text-editor .elementor-drop-cap{float:left;text-align:center;line-height:1;font-size:50px}.elementor-widget-text-editor .elementor-drop-cap-letter{display:inline-block}<\/style>\t\t\t\t<p>Specjalizujemy si\u0119 w szkoleniach kierowc\u00f3w zawodowych, pracownik\u00f3w administracyjnych oraz kadry zarz\u0105dzaj\u0105cej w transporcie w nast\u0119puj\u0105cym zakresie:<\/p>\t\t\t\t\t\t<\/div>\n\t\t\t\t<\/div>\n\t\t\t\t<div class=\"elementor-element elementor-element-ba0760d elementor-icon-list--layout-traditional elementor-list-item-link-full_width elementor-widget elementor-widget-icon-list\" data-id=\"ba0760d\" data-element_type=\"widget\" data-widget_type=\"icon-list.default\">\n\t\t\t\t<div class=\"elementor-widget-container\">\n\t\t\t<link rel=\"stylesheet\" href=\"https:\/\/safetruck.uk\/wp-content\/plugins\/elementor\/assets\/css\/widget-icon-list.min.css\">\t\t<ul class=\"elementor-icon-list-items\">\n\t\t\t\t\t\t\t<li class=\"elementor-icon-list-item\">\n\t\t\t\t\t\t\t\t\t\t\t<span class=\"elementor-icon-list-icon\">\n\t\t\t\t\t\t\t<i aria-hidden=\"true\" class=\"flaticon flaticon-fast-forward\"><\/i>\t\t\t\t\t\t<\/span>\n\t\t\t\t\t\t\t\t\t\t<span class=\"elementor-icon-list-text\">Podstawy prawne prowadzenia transportu w UE,<\/span>\n\t\t\t\t\t\t\t\t\t<\/li>\n\t\t\t\t\t\t\t\t<li class=\"elementor-icon-list-item\">\n\t\t\t\t\t\t\t\t\t\t\t<span class=\"elementor-icon-list-icon\">\n\t\t\t\t\t\t\t<i aria-hidden=\"true\" class=\"flaticon flaticon-fast-forward\"><\/i>\t\t\t\t\t\t<\/span>\n\t\t\t\t\t\t\t\t\t\t<span class=\"elementor-icon-list-text\">Czas pracy kierowc\u00f3w i obs\u0142uga tachograf\u00f3w analogowych i cyfrowych,<\/span>\n\t\t\t\t\t\t\t\t\t<\/li>\n\t\t\t\t\t\t\t\t<li class=\"elementor-icon-list-item\">\n\t\t\t\t\t\t\t\t\t\t\t<span class=\"elementor-icon-list-icon\">\n\t\t\t\t\t\t\t<i aria-hidden=\"true\" class=\"flaticon flaticon-fast-forward\"><\/i>\t\t\t\t\t\t<\/span>\n\t\t\t\t\t\t\t\t\t\t<span class=\"elementor-icon-list-text\">Konwencja CMR i zasady wykonywania transportu mi\u0119dzynarodowego, <\/span>\n\t\t\t\t\t\t\t\t\t<\/li>\n\t\t\t\t\t\t\t\t<li class=\"elementor-icon-list-item\">\n\t\t\t\t\t\t\t\t\t\t\t<span class=\"elementor-icon-list-icon\">\n\t\t\t\t\t\t\t<i aria-hidden=\"true\" class=\"flaticon flaticon-fast-forward\"><\/i>\t\t\t\t\t\t<\/span>\n\t\t\t\t\t\t\t\t\t\t<span class=\"elementor-icon-list-text\">Roszczenia mi\u0119dzynarodowe, odszkodowania, windykacje,<\/span>\n\t\t\t\t\t\t\t\t\t<\/li>\n\t\t\t\t\t\t\t\t<li class=\"elementor-icon-list-item\">\n\t\t\t\t\t\t\t\t\t\t\t<span class=\"elementor-icon-list-icon\">\n\t\t\t\t\t\t\t<i aria-hidden=\"true\" class=\"flaticon flaticon-fast-forward\"><\/i>\t\t\t\t\t\t<\/span>\n\t\t\t\t\t\t\t\t\t\t<span class=\"elementor-icon-list-text\">Mocowanie \u0142adunk\u00f3w wg wytycznych Komisji Europejskiej i Umowy ADR,<\/span>\n\t\t\t\t\t\t\t\t\t<\/li>\n\t\t\t\t\t\t\t\t<li class=\"elementor-icon-list-item\">\n\t\t\t\t\t\t\t\t\t\t\t<span class=\"elementor-icon-list-icon\">\n\t\t\t\t\t\t\t<i aria-hidden=\"true\" class=\"flaticon flaticon-fast-forward\"><\/i>\t\t\t\t\t\t<\/span>\n\t\t\t\t\t\t\t\t\t\t<span class=\"elementor-icon-list-text\">Post\u0119powanie odwo\u0142awcze w r\u00f3\u017cnych krajach UE i w UK,<\/span>\n\t\t\t\t\t\t\t\t\t<\/li>\n\t\t\t\t\t\t\t\t<li class=\"elementor-icon-list-item\">\n\t\t\t\t\t\t\t\t\t\t\t<span class=\"elementor-icon-list-icon\">\n\t\t\t\t\t\t\t<i aria-hidden=\"true\" class=\"flaticon flaticon-fast-forward\"><\/i>\t\t\t\t\t\t<\/span>\n\t\t\t\t\t\t\t\t\t\t<span class=\"elementor-icon-list-text\">Kursy przygotowuj\u0105ce do egzamin\u00f3w na certyfikat kompetencji.<\/span>\n\t\t\t\t\t\t\t\t\t<\/li>\n\t\t\t\t\t\t<\/ul>\n\t\t\t\t<\/div>\n\t\t\t\t<\/div>\n\t\t\t\t<div class=\"elementor-element elementor-element-c27e54d elementor-widget elementor-widget-text-editor\" data-id=\"c27e54d\" data-element_type=\"widget\" data-widget_type=\"text-editor.default\">\n\t\t\t\t<div class=\"elementor-widget-container\">\n\t\t\t\t\t\t\t<p>Wi\u0119kszo\u015b\u0107 szkole\u0144 prowadzimy w trybie web-meetingu. Istnieje mo\u017cliwo\u015b\u0107 przeprowadzenia szkolenia bezpo\u015brednio w przedsi\u0119biorstwie klienta na terenie UK oraz wi\u0119kszo\u015bci kraj\u00f3w UE.<\/p>\t\t\t\t\t\t<\/div>\n\t\t\t\t<\/div>\n\t\t\t\t\t<\/div>\n\t\t<\/div>\n\t\t\t\t<div class=\"elementor-column elementor-col-50 elementor-top-column elementor-element elementor-element-e92b47b\" data-id=\"e92b47b\" data-element_type=\"column\">\n\t\t\t<div class=\"elementor-widget-wrap elementor-element-populated\">\n\t\t\t\t\t\t<div class=\"elementor-element elementor-element-1cccb78 elementor-animation-none elementor-widget elementor-widget-retirio_elementor_ova_image_box\" data-id=\"1cccb78\" data-element_type=\"widget\" data-widget_type=\"retirio_elementor_ova_image_box.default\">\n\t\t\t\t<div class=\"elementor-widget-container\">\n\t\t\t\t\t<div class=\"ova-image-box\">\n\t\t\t<img decoding=\"async\" src=\"https:\/\/safetruck.uk\/wp-content\/uploads\/2022\/11\/education-and-training-01.jpg\" class=\"ova-image\" alt=\"\">\n\t\t\t\t\t\t\t<div class=\"title-box\">\n\t\t\t\t\t<h4 class=\"title\"> Profesjonalne szkolenia kadry zarz\u0105dzaj\u0105cej i kierowc\u00f3w zawodowych <\/h4>\n\t\t\t\t\t<div class=\"mask\"><\/div>\n\t\t\t\t<\/div>\n\t\t\t\t\n\t\t\t\t\t\t\n\t\t<\/div>\n\t\t \t\n\t\t\t\t<\/div>\n\t\t\t\t<\/div>\n\t\t\t\t\t<\/div>\n\t\t<\/div>\n\t\t\t\t\t<\/div>\n\t\t<\/section>\n\t\t\t\t<\/div>\n\t\t","protected":false},"excerpt":{"rendered":"<p>Us\u0142ugi SafeTruck Education &#038; Training Specjalizujemy si\u0119 w szkoleniach kierowc\u00f3w zawodowych, pracownik\u00f3w administracyjnych oraz kadry zarz\u0105dzaj\u0105cej w transporcie w nast\u0119puj\u0105cym zakresie: Podstawy prawne prowadzenia transportu w UE, Czas pracy kierowc\u00f3w i obs\u0142uga tachograf\u00f3w analogowych i cyfrowych, Konwencja CMR i zasady wykonywania transportu mi\u0119dzynarodowego, Roszczenia mi\u0119dzynarodowe, odszkodowania, windykacje, Mocowanie \u0142adunk\u00f3w wg wytycznych Komisji Europejskiej i Umowy [&hellip;]<\/p>\n","protected":false},"author":1,"featured_media":0,"parent":5305,"menu_order":0,"comment_status":"closed","ping_status":"closed","template":"elementor_header_footer","meta":{"footnotes":""},"class_list":["post-5436","page","type-page","status-publish","hentry"],"aioseo_notices":[],"_links":{"self":[{"href":"https:\/\/safetruck.uk\/pl\/wp-json\/wp\/v2\/pages\/5436","targetHints":{"allow":["GET"]}}],"collection":[{"href":"https:\/\/safetruck.uk\/pl\/wp-json\/wp\/v2\/pages"}],"about":[{"href":"https:\/\/safetruck.uk\/pl\/wp-json\/wp\/v2\/types\/page"}],"author":[{"embeddable":true,"href":"https:\/\/safetruck.uk\/pl\/wp-json\/wp\/v2\/users\/1"}],"replies":[{"embeddable":true,"href":"https:\/\/safetruck.uk\/pl\/wp-json\/wp\/v2\/comments?post=5436"}],"version-history":[{"count":16,"href":"https:\/\/safetruck.uk\/pl\/wp-json\/wp\/v2\/pages\/5436\/revisions"}],"predecessor-version":[{"id":5719,"href":"https:\/\/safetruck.uk\/pl\/wp-json\/wp\/v2\/pages\/5436\/revisions\/5719"}],"up":[{"embeddable":true,"href":"https:\/\/safetruck.uk\/pl\/wp-json\/wp\/v2\/pages\/5305"}],"wp:attachment":[{"href":"https:\/\/safetruck.uk\/pl\/wp-json\/wp\/v2\/media?parent=5436"}],"curies":[{"name":"wp","href":"https:\/\/api.w.org\/{rel}","templated":true}]}}