{"id":5305,"date":"2022-06-07T07:02:21","date_gmt":"2022-06-07T05:02:21","guid":{"rendered":"https:\/\/safetruck.uk\/uslugi\/"},"modified":"2022-11-30T22:50:12","modified_gmt":"2022-11-30T21:50:12","slug":"uslugi","status":"publish","type":"page","link":"https:\/\/safetruck.uk\/pl\/uslugi\/","title":{"rendered":"Us\u0142ugi"},"content":{"rendered":"\t\t<div data-elementor-type=\"wp-page\" data-elementor-id=\"5305\" class=\"elementor elementor-5305 elementor-42\">\n\t\t\t\t\t\t<section class=\"elementor-section elementor-top-section elementor-element elementor-element-c8c07c7 elementor-section-boxed elementor-section-height-default elementor-section-height-default\" data-id=\"c8c07c7\" data-element_type=\"section\">\n\t\t\t\t\t\t<div class=\"elementor-container elementor-column-gap-default\">\n\t\t\t\t\t<div class=\"elementor-column elementor-col-100 elementor-top-column elementor-element elementor-element-8624a3d\" data-id=\"8624a3d\" data-element_type=\"column\">\n\t\t\t<div class=\"elementor-widget-wrap elementor-element-populated\">\n\t\t\t\t\t\t<div class=\"elementor-element elementor-element-1fdec94 elementor-star-rating--align-center elementor--star-style-star_fontawesome elementor-widget elementor-widget-star-rating\" data-id=\"1fdec94\" data-element_type=\"widget\" data-widget_type=\"star-rating.default\">\n\t\t\t\t<div class=\"elementor-widget-container\">\n\t\t\t<style>\/*! elementor - v3.20.0 - 13-03-2024 *\/\n@charset \"UTF-8\";.elementor-star-rating{color:#ccd6df;font-family:eicons;display:inline-block}.elementor-star-rating i{display:inline-block;position:relative;font-style:normal;cursor:default}.elementor-star-rating i:before{content:\"\\e934\";display:block;font-size:inherit;font-family:inherit;position:absolute;overflow:hidden;color:#f0ad4e;top:0;left:0}.elementor-star-rating .elementor-star-empty:before{content:none}.elementor-star-rating .elementor-star-1:before{width:10%}.elementor-star-rating .elementor-star-2:before{width:20%}.elementor-star-rating .elementor-star-3:before{width:30%}.elementor-star-rating .elementor-star-4:before{width:40%}.elementor-star-rating .elementor-star-5:before{width:50%}.elementor-star-rating .elementor-star-6:before{width:60%}.elementor-star-rating .elementor-star-7:before{width:70%}.elementor-star-rating .elementor-star-8:before{width:80%}.elementor-star-rating .elementor-star-9:before{width:90%}.elementor-star-rating__wrapper{display:flex;align-items:center}.elementor-star-rating__title{margin-right:10px}.elementor-star-rating--align-right .elementor-star-rating__wrapper{text-align:right;justify-content:flex-end}.elementor-star-rating--align-left .elementor-star-rating__wrapper{text-align:left;justify-content:flex-start}.elementor-star-rating--align-center .elementor-star-rating__wrapper{text-align:center;justify-content:center}.elementor-star-rating--align-justify .elementor-star-rating__title{margin-right:auto}@media (max-width:1024px){.elementor-star-rating-tablet--align-right .elementor-star-rating__wrapper{text-align:right;justify-content:flex-end}.elementor-star-rating-tablet--align-left .elementor-star-rating__wrapper{text-align:left;justify-content:flex-start}.elementor-star-rating-tablet--align-center .elementor-star-rating__wrapper{text-align:center;justify-content:center}.elementor-star-rating-tablet--align-justify .elementor-star-rating__title{margin-right:auto}}@media (max-width:767px){.elementor-star-rating-mobile--align-right .elementor-star-rating__wrapper{text-align:right;justify-content:flex-end}.elementor-star-rating-mobile--align-left .elementor-star-rating__wrapper{text-align:left;justify-content:flex-start}.elementor-star-rating-mobile--align-center .elementor-star-rating__wrapper{text-align:center;justify-content:center}.elementor-star-rating-mobile--align-justify .elementor-star-rating__title{margin-right:auto}}.last-star{letter-spacing:0}.elementor--star-style-star_unicode .elementor-star-rating{font-family:Arial,Helvetica,sans-serif}.elementor--star-style-star_unicode .elementor-star-rating i:not(.elementor-star-empty):before{content:\"\u2605\"}<\/style>\n\t\t<div class=\"elementor-star-rating__wrapper\">\n\t\t\t\t\t\t<div class=\"elementor-star-rating\" title=\"5\/5\" itemtype=\"http:\/\/schema.org\/Rating\" itemscope=\"\" itemprop=\"reviewRating\"><i class=\"elementor-star-full\">&#xE934;<\/i><i class=\"elementor-star-full\">&#xE934;<\/i><i class=\"elementor-star-full\">&#xE934;<\/i><i class=\"elementor-star-full\">&#xE934;<\/i><i class=\"elementor-star-full\">&#xE934;<\/i> <span itemprop=\"ratingValue\" class=\"elementor-screen-only\">5\/5<\/span><\/div>\t\t<\/div>\n\t\t\t\t<\/div>\n\t\t\t\t<\/div>\n\t\t\t\t<div class=\"elementor-element elementor-element-b8789f1 elementor-widget elementor-widget-heading\" data-id=\"b8789f1\" data-element_type=\"widget\" data-widget_type=\"heading.default\">\n\t\t\t\t<div class=\"elementor-widget-container\">\n\t\t\t<style>\/*! elementor - v3.20.0 - 13-03-2024 *\/\n.elementor-heading-title{padding:0;margin:0;line-height:1}.elementor-widget-heading .elementor-heading-title[class*=elementor-size-]>a{color:inherit;font-size:inherit;line-height:inherit}.elementor-widget-heading .elementor-heading-title.elementor-size-small{font-size:15px}.elementor-widget-heading .elementor-heading-title.elementor-size-medium{font-size:19px}.elementor-widget-heading .elementor-heading-title.elementor-size-large{font-size:29px}.elementor-widget-heading .elementor-heading-title.elementor-size-xl{font-size:39px}.elementor-widget-heading .elementor-heading-title.elementor-size-xxl{font-size:59px}<\/style><h2 class=\"elementor-heading-title elementor-size-default\">Zapewniamy wsparcie i doradztwo w transporcie<\/h2>\t\t<\/div>\n\t\t\t\t<\/div>\n\t\t\t\t\t<\/div>\n\t\t<\/div>\n\t\t\t\t\t<\/div>\n\t\t<\/section>\n\t\t\t\t<section class=\"elementor-section elementor-top-section elementor-element elementor-element-4ae4a63 elementor-section-boxed elementor-section-height-default elementor-section-height-default\" data-id=\"4ae4a63\" data-element_type=\"section\" data-settings=\"{&quot;background_background&quot;:&quot;classic&quot;}\">\n\t\t\t\t\t\t<div class=\"elementor-container elementor-column-gap-no\">\n\t\t\t\t\t<div class=\"elementor-column elementor-col-50 elementor-top-column elementor-element elementor-element-f35ad08\" data-id=\"f35ad08\" data-element_type=\"column\">\n\t\t\t<div class=\"elementor-widget-wrap elementor-element-populated\">\n\t\t\t\t\t\t<div class=\"elementor-element elementor-element-c21f4cf elementor-widget elementor-widget-retirio_elementor_heading\" data-id=\"c21f4cf\" data-element_type=\"widget\" data-widget_type=\"retirio_elementor_heading.default\">\n\t\t\t\t<div class=\"elementor-widget-container\">\n\t\t\t\n\t\t<div class=\"ova-title\">\n\n\t\t\t\t\t\t\t<h3 class=\"sub-title\">quality and satisfaction<\/h3>\n\t\t\t\n\t\t\t\t\t\t\t\t\t\t\t\t\t\t<h2 class=\"title\">\n\t\t\t\t\t\t\t\t<span class=\"underline\">SAFETRUCK<\/span>\t\t\t\t\t\t\t<\/h2>\n\t\t\t\t\t\t\t\n\t\t\t\t\t\t\t<p class=\"description\"> Oferujemy szerok\u0105 pomoc prawn\u0105, organizacyjn\u0105 oraz rozliczeniow\u0105 dla twojej firmy transportowej. Ka\u017cda z ponad 400 obs\u0142ugiwanych przez nas firm ma inne oczekiwania, problemy, pomys\u0142y. Naszym zadaniem jest taki dob\u00f3r \u015brodk\u00f3w realizacji pomys\u0142\u00f3w naszych klient\u00f3w, aby osi\u0105gni\u0119cie obranego celu by\u0142o maksymalnie skuteczne i terminowe, jednocze\u015bnie przy zachowaniu rozs\u0105dnych koszt\u00f3w. Na co dzie\u0144 zajmujemy si\u0119 mi\u0119dzy innymi: <\/p>\n\t\t\t\n\t\t<\/div> \n\t\t\t\t<\/div>\n\t\t\t\t<\/div>\n\t\t\t\t<div class=\"elementor-element elementor-element-7913109 elementor-icon-list--layout-traditional elementor-list-item-link-full_width elementor-widget elementor-widget-icon-list\" data-id=\"7913109\" data-element_type=\"widget\" data-widget_type=\"icon-list.default\">\n\t\t\t\t<div class=\"elementor-widget-container\">\n\t\t\t<link rel=\"stylesheet\" href=\"https:\/\/safetruck.uk\/wp-content\/plugins\/elementor\/assets\/css\/widget-icon-list.min.css\">\t\t<ul class=\"elementor-icon-list-items\">\n\t\t\t\t\t\t\t<li class=\"elementor-icon-list-item\">\n\t\t\t\t\t\t\t\t\t\t\t<span class=\"elementor-icon-list-icon\">\n\t\t\t\t\t\t\t<i aria-hidden=\"true\" class=\"ovaicon ovaicon-next-5\"><\/i>\t\t\t\t\t\t<\/span>\n\t\t\t\t\t\t\t\t\t\t<span class=\"elementor-icon-list-text\">reprezentacj\u0105 klient\u00f3w w sporach z organami kontrolnymi w UK, Niemczech, W\u0142oszech, Francji, Polsce, Estonii i wielu innych,<\/span>\n\t\t\t\t\t\t\t\t\t<\/li>\n\t\t\t\t\t\t\t\t<li class=\"elementor-icon-list-item\">\n\t\t\t\t\t\t\t\t\t\t\t<span class=\"elementor-icon-list-icon\">\n\t\t\t\t\t\t\t<i aria-hidden=\"true\" class=\"ovaicon ovaicon-next-5\"><\/i>\t\t\t\t\t\t<\/span>\n\t\t\t\t\t\t\t\t\t\t<span class=\"elementor-icon-list-text\">mediacj\u0105 w sporach pomi\u0119dzy przewo\u017anikami, spedytorami lub kierowcami, <\/span>\n\t\t\t\t\t\t\t\t\t<\/li>\n\t\t\t\t\t\t\t\t<li class=\"elementor-icon-list-item\">\n\t\t\t\t\t\t\t\t\t\t\t<span class=\"elementor-icon-list-icon\">\n\t\t\t\t\t\t\t<i aria-hidden=\"true\" class=\"ovaicon ovaicon-next-5\"><\/i>\t\t\t\t\t\t<\/span>\n\t\t\t\t\t\t\t\t\t\t<span class=\"elementor-icon-list-text\">rozliczaniem czasu pracy kierowc\u00f3w do cel\u00f3w naliczania wynagrodze\u0144 i kontroli organizacji pracy<\/span>\n\t\t\t\t\t\t\t\t\t<\/li>\n\t\t\t\t\t\t\t\t<li class=\"elementor-icon-list-item\">\n\t\t\t\t\t\t\t\t\t\t\t<span class=\"elementor-icon-list-icon\">\n\t\t\t\t\t\t\t<i aria-hidden=\"true\" class=\"ovaicon ovaicon-next-5\"><\/i>\t\t\t\t\t\t<\/span>\n\t\t\t\t\t\t\t\t\t\t<span class=\"elementor-icon-list-text\">analizami prawid\u0142owo\u015bci rejestracji czasu pracy przy u\u017cyciu tachograf\u00f3w,<\/span>\n\t\t\t\t\t\t\t\t\t<\/li>\n\t\t\t\t\t\t\t\t<li class=\"elementor-icon-list-item\">\n\t\t\t\t\t\t\t\t\t\t\t<span class=\"elementor-icon-list-icon\">\n\t\t\t\t\t\t\t<i aria-hidden=\"true\" class=\"ovaicon ovaicon-next-5\"><\/i>\t\t\t\t\t\t<\/span>\n\t\t\t\t\t\t\t\t\t\t<span class=\"elementor-icon-list-text\">analiz\u0105 wydajno\u015bci kierowc\u00f3w (rentowno\u015bci),<\/span>\n\t\t\t\t\t\t\t\t\t<\/li>\n\t\t\t\t\t\t\t\t<li class=\"elementor-icon-list-item\">\n\t\t\t\t\t\t\t\t\t\t\t<span class=\"elementor-icon-list-icon\">\n\t\t\t\t\t\t\t<i aria-hidden=\"true\" class=\"ovaicon ovaicon-next-5\"><\/i>\t\t\t\t\t\t<\/span>\n\t\t\t\t\t\t\t\t\t\t<span class=\"elementor-icon-list-text\">odzyskiwaniem pojazd\u00f3w zatrzymanych przez s\u0142u\u017cby kontrolne w zwi\u0105zku z naruszeniami,<\/span>\n\t\t\t\t\t\t\t\t\t<\/li>\n\t\t\t\t\t\t\t\t<li class=\"elementor-icon-list-item\">\n\t\t\t\t\t\t\t\t\t\t\t<span class=\"elementor-icon-list-icon\">\n\t\t\t\t\t\t\t<i aria-hidden=\"true\" class=\"ovaicon ovaicon-next-5\"><\/i>\t\t\t\t\t\t<\/span>\n\t\t\t\t\t\t\t\t\t\t<span class=\"elementor-icon-list-text\">sporami na podstawie konwencji CMR, sp\u00f3\u017anienia na roz\u0142adunek lub za\u0142adunek, uszkodzenia towar\u00f3w.<\/span>\n\t\t\t\t\t\t\t\t\t<\/li>\n\t\t\t\t\t\t<\/ul>\n\t\t\t\t<\/div>\n\t\t\t\t<\/div>\n\t\t\t\t\t<\/div>\n\t\t<\/div>\n\t\t\t\t<div class=\"elementor-column elementor-col-50 elementor-top-column elementor-element elementor-element-4dc739d retirio_stretch_column_right\" data-id=\"4dc739d\" data-element_type=\"column\">\n\t\t\t<div class=\"elementor-widget-wrap elementor-element-populated\">\n\t\t\t\t\t\t<div class=\"elementor-element elementor-element-df0b47c elementor-widget elementor-widget-image\" data-id=\"df0b47c\" data-element_type=\"widget\" data-widget_type=\"image.default\">\n\t\t\t\t<div class=\"elementor-widget-container\">\n\t\t\t<style>\/*! elementor - v3.20.0 - 13-03-2024 *\/\n.elementor-widget-image{text-align:center}.elementor-widget-image a{display:inline-block}.elementor-widget-image a img[src$=\".svg\"]{width:48px}.elementor-widget-image img{vertical-align:middle;display:inline-block}<\/style>\t\t\t\t\t\t\t\t\t\t<img decoding=\"async\" src=\"https:\/\/safetruck.uk\/wp-content\/uploads\/2022\/10\/safe-truck-image.jpg\" title=\"safe-truck-image\" alt=\"safe-truck-image\" loading=\"lazy\" \/>\t\t\t\t\t\t\t\t\t\t\t\t\t<\/div>\n\t\t\t\t<\/div>\n\t\t\t\t\t<\/div>\n\t\t<\/div>\n\t\t\t\t\t<\/div>\n\t\t<\/section>\n\t\t\t\t<section class=\"elementor-section elementor-top-section elementor-element elementor-element-7a751d1 elementor-section-boxed elementor-section-height-default elementor-section-height-default\" data-id=\"7a751d1\" data-element_type=\"section\">\n\t\t\t\t\t\t<div class=\"elementor-container elementor-column-gap-default\">\n\t\t\t\t\t<div class=\"elementor-column elementor-col-100 elementor-top-column elementor-element elementor-element-1828fb3\" data-id=\"1828fb3\" data-element_type=\"column\">\n\t\t\t<div class=\"elementor-widget-wrap elementor-element-populated\">\n\t\t\t\t\t\t<section class=\"elementor-section elementor-inner-section elementor-element elementor-element-1fb0666 elementor-section-boxed elementor-section-height-default elementor-section-height-default\" data-id=\"1fb0666\" data-element_type=\"section\">\n\t\t\t\t\t\t<div class=\"elementor-container elementor-column-gap-no\">\n\t\t\t\t\t<div class=\"elementor-column elementor-col-100 elementor-inner-column elementor-element elementor-element-0516878\" data-id=\"0516878\" data-element_type=\"column\">\n\t\t\t<div class=\"elementor-widget-wrap elementor-element-populated\">\n\t\t\t\t\t\t<div class=\"elementor-element elementor-element-e58e31c elementor-widget elementor-widget-retirio_elementor_heading\" data-id=\"e58e31c\" data-element_type=\"widget\" data-widget_type=\"retirio_elementor_heading.default\">\n\t\t\t\t<div class=\"elementor-widget-container\">\n\t\t\t\n\t\t<div class=\"ova-title\">\n\n\t\t\t\t\t\t\t<h3 class=\"sub-title\">Us\u0142ugi SafeTruck<\/h3>\n\t\t\t\n\t\t\t\t\t\t\t\t\t\t\t\t\t\t<h2 class=\"title\">\n\t\t\t\t\t\t\t\tNasze wyr\u00f3\u017cnione <span class=\"underline\">us\u0142ugi<\/span>\t\t\t\t\t\t\t<\/h2>\n\t\t\t\t\t\t\t\n\t\t\t\n\t\t<\/div> \n\t\t\t\t<\/div>\n\t\t\t\t<\/div>\n\t\t\t\t\t<\/div>\n\t\t<\/div>\n\t\t\t\t\t<\/div>\n\t\t<\/section>\n\t\t\t\t\t<\/div>\n\t\t<\/div>\n\t\t\t\t\t<\/div>\n\t\t<\/section>\n\t\t\t\t<section class=\"elementor-section elementor-top-section elementor-element elementor-element-e2ff796 elementor-section-full_width elementor-section-height-default elementor-section-height-default\" data-id=\"e2ff796\" data-element_type=\"section\">\n\t\t\t\t\t\t<div class=\"elementor-container elementor-column-gap-default\">\n\t\t\t\t\t<div class=\"elementor-column elementor-col-33 elementor-top-column elementor-element elementor-element-7f0ff43\" data-id=\"7f0ff43\" data-element_type=\"column\">\n\t\t\t<div class=\"elementor-widget-wrap elementor-element-populated\">\n\t\t\t\t\t\t<div class=\"elementor-element elementor-element-0bfb592 elementor-widget elementor-widget-html\" data-id=\"0bfb592\" data-element_type=\"widget\" data-widget_type=\"html.default\">\n\t\t\t\t<div class=\"elementor-widget-container\">\n\t\t\t<div class=\"ova-service-box-template1\">\n\n\t\t    <div class=\"img-service\">\t\n\t\t    \t<img decoding=\"async\" src=\"\/wp-content\/uploads\/2022\/11\/comprehensive-data-analysis-01.jpg\" alt=\"Tachographs\">\n\t\t    \n\t\t\t\t\t\t    <\/div>\n\t\t    \n\t\t    <div class=\"info\">\n\t\t    \t<a href=\"\/pl\/uslugi\/tachografy\/\" title=\"Tachographs\">\n\n\t\t        \t\t\t\t\t<h4 class=\"title\">\n\t\t\t\t\t\tTachografy\t<\/h4>\n\t\t\t\t\n\t\t\t\t<\/a>\n\n\t\t\t\t\t\t\t\t\t<p class=\"description\">\n\t\t\t\t\t\tNa podstawie zapisu Tachografu sprawdzimy naruszenia, obliczymy nale\u017cne wynagrodzenie czy rentowno\u015b\u0107 pracownika, sprawdzimy spos\u00f3b prowadzenia w ruchu drogowym czy zrobimy analiz\u0119 wypadku drogowego.\t\t\t\t\t<\/p>\n\t\t\t\t\n\t\t\t\t<a class=\"next-button\" href=\"\/pl\/uslugi\/tachografy\/\" title=\"Tachographs\">\n\t\t\t\t\t<i class=\"ovaicon ovaicon-next\"><\/i>\n\t\t\t\t<\/a>\n\t\t    <\/div>\n\n\t\t<\/div>\t\t<\/div>\n\t\t\t\t<\/div>\n\t\t\t\t\t<\/div>\n\t\t<\/div>\n\t\t\t\t<div class=\"elementor-column elementor-col-33 elementor-top-column elementor-element elementor-element-0b641ef\" data-id=\"0b641ef\" data-element_type=\"column\">\n\t\t\t<div class=\"elementor-widget-wrap elementor-element-populated\">\n\t\t\t\t\t\t<div class=\"elementor-element elementor-element-6e0a70d elementor-widget elementor-widget-html\" data-id=\"6e0a70d\" data-element_type=\"widget\" data-widget_type=\"html.default\">\n\t\t\t\t<div class=\"elementor-widget-container\">\n\t\t\t<div class=\"ova-service-box-template1\">\n\n\t\t    <div class=\"img-service\">\t\n\t\t    \t<img decoding=\"async\" src=\"\/wp-content\/uploads\/2022\/11\/solve-problem-with-safetruck-01.jpg\" alt=\"Technical support\">\n\t\t    \t\t\n\t\t\t\t\t\t    <\/div>\n\t\t    \n\t\t    <div class=\"info\">\n\t\t    \t<a href=\"\/pl\/uslugi\/wsparcie-techniczne\/\" title=\"Wsparcie techniczne\">\n\n\t\t        \t\t\t\t\t<h4 class=\"title\">\n\t\t\t\t\t\tWsparcie techniczne\t\t\t\t\t<\/h4>\n\t\t\t\t\n\t\t\t\t<\/a>\n\n\t\t\t\t\t\t\t\t\t<p class=\"description\">\n\t\t\t\t\t\tPomo\u017cemy Ci w wyborze najw\u0142a\u015bciwszego sprz\u0119tu  do odczytu danych z karty kierowcy i tachografu oraz doradzimy oprogramowanie do rozliczania kierowc\u00f3w.<br\/><br\/>\t\t\t<\/p>\n\t\t\t\t\n\t\t\t\t<a class=\"next-button\" href=\"\/pl\/uslugi\/wsparcie-techniczne\/\" title=\"Technical support\">\n\t\t\t\t\t<i class=\"ovaicon ovaicon-next\"><\/i>\n\t\t\t\t<\/a>\n\t\t    <\/div>\n\n\t\t<\/div>\t\t<\/div>\n\t\t\t\t<\/div>\n\t\t\t\t\t<\/div>\n\t\t<\/div>\n\t\t\t\t<div class=\"elementor-column elementor-col-33 elementor-top-column elementor-element elementor-element-944f4fe\" data-id=\"944f4fe\" data-element_type=\"column\">\n\t\t\t<div class=\"elementor-widget-wrap elementor-element-populated\">\n\t\t\t\t\t\t<div class=\"elementor-element elementor-element-149d41d elementor-widget elementor-widget-html\" data-id=\"149d41d\" data-element_type=\"widget\" data-widget_type=\"html.default\">\n\t\t\t\t<div class=\"elementor-widget-container\">\n\t\t\t<div class=\"ova-service-box-template1\">\n\n\t\t    <div class=\"img-service\">\t\n\t\t    \t<img decoding=\"async\" src=\"\/wp-content\/uploads\/2022\/11\/education-and-training-01.jpg\" alt=\"Education &amp; Training\">\n\t\t    \t\n\t\t\t\t\t\t    <\/div>\n\t\t    \n\t\t    <div class=\"info\">\n\t\t    \t<a href=\"\/pl\/uslugi\/edukacja\/\" title=\"Education &amp; Training\">\n\n\t\t        \t\t\t\t\t<h4 class=\"title\">Edukacja<\/h4>\n\t\t\t\t\n\t\t\t\t<\/a>\n\n\t\t\t\t\t\t\t\t\t<p class=\"description\">\n\t\t\t\t\t\tProwadzimy szkolenia stacjonarne oraz webinary w zakresie  prawa transportowego, w tym Konwencji CMR, przepis\u00f3w dotycz\u0105cy h delegowania, czasu pracy kierowc\u00f3w i wiele innych.\t\t\t\t\t<\/p>\n\t\t\t\t\n\t\t\t\t<a class=\"next-button\" href=\"\/pl\/uslugi\/edukacja\/\" title=\"Education &amp; Training\">\n\t\t\t\t\t<i class=\"ovaicon ovaicon-next\"><\/i>\n\t\t\t\t<\/a>\n\t\t    <\/div>\n\n\t\t<\/div>\t\t<\/div>\n\t\t\t\t<\/div>\n\t\t\t\t\t<\/div>\n\t\t<\/div>\n\t\t\t\t\t<\/div>\n\t\t<\/section>\n\t\t\t\t<\/div>\n\t\t","protected":false},"excerpt":{"rendered":"<p>&#xE934;&#xE934;&#xE934;&#xE934;&#xE934; 5\/5 Zapewniamy wsparcie i doradztwo w transporcie quality and satisfaction SAFETRUCK Oferujemy szerok\u0105 pomoc prawn\u0105, organizacyjn\u0105 oraz rozliczeniow\u0105 dla twojej firmy transportowej. Ka\u017cda z ponad 400 obs\u0142ugiwanych przez nas firm ma inne oczekiwania, problemy, pomys\u0142y. Naszym zadaniem jest taki dob\u00f3r \u015brodk\u00f3w realizacji pomys\u0142\u00f3w naszych klient\u00f3w, aby osi\u0105gni\u0119cie obranego celu by\u0142o maksymalnie skuteczne i terminowe, [&hellip;]<\/p>\n","protected":false},"author":1,"featured_media":0,"parent":0,"menu_order":0,"comment_status":"closed","ping_status":"closed","template":"elementor_header_footer","meta":{"footnotes":""},"class_list":["post-5305","page","type-page","status-publish","hentry"],"aioseo_notices":[],"_links":{"self":[{"href":"https:\/\/safetruck.uk\/pl\/wp-json\/wp\/v2\/pages\/5305","targetHints":{"allow":["GET"]}}],"collection":[{"href":"https:\/\/safetruck.uk\/pl\/wp-json\/wp\/v2\/pages"}],"about":[{"href":"https:\/\/safetruck.uk\/pl\/wp-json\/wp\/v2\/types\/page"}],"author":[{"embeddable":true,"href":"https:\/\/safetruck.uk\/pl\/wp-json\/wp\/v2\/users\/1"}],"replies":[{"embeddable":true,"href":"https:\/\/safetruck.uk\/pl\/wp-json\/wp\/v2\/comments?post=5305"}],"version-history":[{"count":18,"href":"https:\/\/safetruck.uk\/pl\/wp-json\/wp\/v2\/pages\/5305\/revisions"}],"predecessor-version":[{"id":5750,"href":"https:\/\/safetruck.uk\/pl\/wp-json\/wp\/v2\/pages\/5305\/revisions\/5750"}],"wp:attachment":[{"href":"https:\/\/safetruck.uk\/pl\/wp-json\/wp\/v2\/media?parent=5305"}],"curies":[{"name":"wp","href":"https:\/\/api.w.org\/{rel}","templated":true}]}}