{"id":5257,"date":"2022-06-07T07:01:36","date_gmt":"2022-06-07T05:01:36","guid":{"rendered":"https:\/\/safetruck.uk\/skontaktuj-sie-z-nami\/"},"modified":"2022-11-30T22:47:59","modified_gmt":"2022-11-30T21:47:59","slug":"kontakt","status":"publish","type":"page","link":"https:\/\/safetruck.uk\/pl\/kontakt\/","title":{"rendered":"Skontaktuj si\u0119 z nami"},"content":{"rendered":"\t\t<div data-elementor-type=\"wp-page\" data-elementor-id=\"5257\" class=\"elementor elementor-5257 elementor-40\">\n\t\t\t\t\t\t<section class=\"elementor-section elementor-top-section elementor-element elementor-element-cf0a9af elementor-section-boxed elementor-section-height-default elementor-section-height-default\" data-id=\"cf0a9af\" data-element_type=\"section\">\n\t\t\t\t\t\t<div class=\"elementor-container elementor-column-gap-default\">\n\t\t\t\t\t<div class=\"elementor-column elementor-col-66 elementor-top-column elementor-element elementor-element-11277b7\" data-id=\"11277b7\" data-element_type=\"column\">\n\t\t\t<div class=\"elementor-widget-wrap elementor-element-populated\">\n\t\t\t\t\t\t<div class=\"elementor-element elementor-element-25d4298 elementor-widget elementor-widget-retirio_elementor_heading\" data-id=\"25d4298\" data-element_type=\"widget\" data-widget_type=\"retirio_elementor_heading.default\">\n\t\t\t\t<div class=\"elementor-widget-container\">\n\t\t\t\n\t\t<div class=\"ova-title\">\n\n\t\t\t\t\t\t\t<h3 class=\"sub-title\">Skontaktuj si\u0119 z nami<\/h3>\n\t\t\t\n\t\t\t\t\t\t\t\t\t\t\t\t\t\t<h2 class=\"title\">\n\t\t\t\t\t\t\t\tZapraszamy do kontaktu z <span class=\"underline\">SAFETRUCK<\/span>\t\t\t\t\t\t\t<\/h2>\n\t\t\t\t\t\t\t\n\t\t\t\t\t\t\t<p class=\"description\"> Jeste\u015bmy do Twojej dyspozycji od poniedzia\u0142ku do pi\u0105tku w godzinach od 9:00 do 17:00. Jednak jeste\u015bmy \u015bwiadomi, \u017ce transport jest nieprzewidywalny \u2013 dlatego w przypadkach nag\u0142ych (wypadki, aresztowania, zatrzymania pojazdu) staramy si\u0119 Wam pom\u00f3c o ka\u017cdej porze dnia i nocy. W takim przypadku najlepiej wys\u0142a\u0107 wiadomo\u015b\u0107 e-mail oraz dodatkowo SMS-em potwierdzi\u0107, \u017ce sprawa jest pilna.  Je\u017celi Twoja sprawa nie wymaga od nas nag\u0142ego dzia\u0142ania, najlepiej wy\u015blij do nas wiadomo\u015b\u0107 e-mail i za\u0142\u0105cz wszystkie posiadane w sprawie dokumenty. W sprawach wymagaj\u0105cych osobistego spotkania jeste\u015bmy do Waszej dyspozycji po wcze\u015bniejszym uzgodnieniu terminu.  <\/p>\n\t\t\t\n\t\t<\/div> \n\t\t\t\t<\/div>\n\t\t\t\t<\/div>\n\t\t\t\t<div class=\"elementor-element elementor-element-2fd982e elementor-widget__width-inherit elementor-widget elementor-widget-retirio_elementor_contact_info\" data-id=\"2fd982e\" data-element_type=\"widget\" data-widget_type=\"retirio_elementor_contact_info.default\">\n\t\t\t\t<div class=\"elementor-widget-container\">\n\t\t\t\t\t\t<div class=\"ova-contact-info\">\n\t\t\t\t\n\t\t\t\t\t\t\t\t\t<div class=\"icon\">\n\t\t\t\t\t\t<i aria-hidden=\"true\" class=\"ovaicon ovaicon-phone-call\"><\/i>\t\t\t\t\t<\/div>\t\n\t\t\t\t\t\t\t\t\n\n\t\t\t\t<div class=\"contact\">\n\t\t\t\t\t\n\t\t\t\t\t\t\t\t\t\t\t<div class=\"label\">\n\t\t\t\t\t\t\tMasz pytania?\t\t\t\t\t\t<\/div>\n\t\t\t\t\t\n\t\t\t\t\t<ul class=\"info\">\n\t\t\t\t\t\t\n\t\t\t\t\t\t\t\t<li class=\"item\">\n\n\t\t\t\t\t\t\t\t\t\t\t\t\t\t\t\t\t\t\t\t\t<a href=\"tel:+44 791 604 18 78 \">\n\t\t\t\t\t\t\t\t\t\t\t\t\t+44 791 604 18 78\t\t\t\t\t\t\t\t\t\t\t\t<\/a>\n\t\t\t\t\t\t\t\t\t\t\t\t\t\t\t\t\t\t\t<\/li>\n\t\t\t\t\t\t\t\n\t\t\t\t\t\t\t\t\t\t\t<\/ul>\n\n\t\t\t\t<\/div>\n\n\t\t\t<\/div>\n\n\t\t\t\t<\/div>\n\t\t\t\t<\/div>\n\t\t\t\t<div class=\"elementor-element elementor-element-849b928 elementor-widget__width-inherit elementor-widget elementor-widget-retirio_elementor_contact_info\" data-id=\"849b928\" data-element_type=\"widget\" data-widget_type=\"retirio_elementor_contact_info.default\">\n\t\t\t\t<div class=\"elementor-widget-container\">\n\t\t\t\t\t\t<div class=\"ova-contact-info\">\n\t\t\t\t\n\t\t\t\t\t\t\t\t\t<div class=\"icon\">\n\t\t\t\t\t\t<i aria-hidden=\"true\" class=\"ovaicon ovaicon-letter\"><\/i>\t\t\t\t\t<\/div>\t\n\t\t\t\t\t\t\t\t\n\n\t\t\t\t<div class=\"contact\">\n\t\t\t\t\t\n\t\t\t\t\t\t\t\t\t\t\t<div class=\"label\">\n\t\t\t\t\t\t\tNapisz wiadomo\u015b\u0107\t\t\t\t\t\t<\/div>\n\t\t\t\t\t\n\t\t\t\t\t<ul class=\"info\">\n\t\t\t\t\t\t\n\t\t\t\t\t\t\t\t<li class=\"item\">\n\n\t\t\t\t\t\t\t\t\t\t\t\t\t\t\t\t\t\t\t\t\t<a href=\"mailto:info@safertruck.uk \">\n\t\t\t\t\t\t\t\t\t\t\t\t\tinfo@safertruck.uk\t\t\t\t\t\t\t\t\t\t\t\t<\/a>\n\t\t\t\t\t\t\t\t\t\t\t\t\t\t\t\t\t\t\t<\/li>\n\t\t\t\t\t\t\t\n\t\t\t\t\t\t\t\t\t\t\t<\/ul>\n\n\t\t\t\t<\/div>\n\n\t\t\t<\/div>\n\n\t\t\t\t<\/div>\n\t\t\t\t<\/div>\n\t\t\t\t<div class=\"elementor-element elementor-element-9baa065 elementor-widget__width-inherit elementor-widget elementor-widget-retirio_elementor_contact_info\" data-id=\"9baa065\" data-element_type=\"widget\" data-widget_type=\"retirio_elementor_contact_info.default\">\n\t\t\t\t<div class=\"elementor-widget-container\">\n\t\t\t\t\t\t<div class=\"ova-contact-info\">\n\t\t\t\t\n\t\t\t\t\t\t\t\t\t<div class=\"icon\">\n\t\t\t\t\t\t<i aria-hidden=\"true\" class=\"ovaicon ovaicon-pin\"><\/i>\t\t\t\t\t<\/div>\t\n\t\t\t\t\t\t\t\t\n\n\t\t\t\t<div class=\"contact\">\n\t\t\t\t\t\n\t\t\t\t\t\t\t\t\t\t\t<div class=\"label\">\n\t\t\t\t\t\t\tOdwied\u017a nas\t\t\t\t\t\t<\/div>\n\t\t\t\t\t\n\t\t\t\t\t<ul class=\"info\">\n\t\t\t\t\t\t\n\t\t\t\t\t\t\t\t<li class=\"item\">\n\n\t\t\t\t\t\t\t\t\tCBC House, 24 Canning Street, Edinburgh EH3 8EG\t\t\t\t\t\t\t\t<\/li>\n\t\t\t\t\t\t\t\n\t\t\t\t\t\t\t\t\t\t\t<\/ul>\n\n\t\t\t\t<\/div>\n\n\t\t\t<\/div>\n\n\t\t\t\t<\/div>\n\t\t\t\t<\/div>\n\t\t\t\t\t<\/div>\n\t\t<\/div>\n\t\t\t\t<div class=\"elementor-column elementor-col-33 elementor-top-column elementor-element elementor-element-3e7e3bc\" data-id=\"3e7e3bc\" data-element_type=\"column\" data-settings=\"{&quot;background_background&quot;:&quot;classic&quot;}\">\n\t\t\t<div class=\"elementor-widget-wrap elementor-element-populated\">\n\t\t\t\t\t\t<div class=\"elementor-element elementor-element-9fb7201 elementor-widget__width-auto elementor-widget elementor-widget-ova_logo\" data-id=\"9fb7201\" data-element_type=\"widget\" data-widget_type=\"ova_logo.default\">\n\t\t\t\t<div class=\"elementor-widget-container\">\n\t\t\t\n\t\t<div class=\"brand_el\">\n\n\t\t\t\t\t\t\t\t\t\t\t<a href=\"https:\/\/safetruck.uk\/pl\/ \"   >\n\t\t\t\n\t\t\t\t<img decoding=\"async\" src=\"https:\/\/safetruck.uk\/wp-content\/uploads\/2022\/10\/logo-safe-truck-uk-middle.png\" \n\t\t\t\t\talt=\"SafeTruck\" \n\t\t\t\t\tclass=\"logo_desktop\" \n\t\t\t\t\tstyle=\"width:100px ; height:auto\" \n\t\t\t\t\/>\n\n\t\t\t\t<img decoding=\"async\" src=\"https:\/\/safetruck.uk\/wp-content\/uploads\/2022\/10\/logo-safe-truck-uk-middle.png\" \n\t\t\t\t\talt=\"SafeTruck\" \n\t\t\t\t\tclass=\"logo_mobile\" \n\t\t\t\t\tstyle=\"width:80px ;  height:auto\" \n\t\t\t\t\/>\n\n\t\t\t\t<img decoding=\"async\" src=\"https:\/\/safetruck.uk\/wp-content\/uploads\/2022\/10\/logo-safe-truck-uk-middle.png\" \n\t\t\t\t\talt=\"SafeTruck\" \n\t\t\t\t\tclass=\"logo_sticky\" \n\t\t\t\t\tstyle=\"width:80px ; height:auto\" \n\t\t\t\t\/>\n\n\t\t\t\t\t\t\t<\/a>\n\t\t\t\n\t\t<\/div>\n\n\t\t\t\t<\/div>\n\t\t\t\t<\/div>\n\t\t\t\t<div class=\"elementor-element elementor-element-62a6664 elementor-widget__width-inherit elementor-widget elementor-widget-retirio_elementor_heading\" data-id=\"62a6664\" data-element_type=\"widget\" data-widget_type=\"retirio_elementor_heading.default\">\n\t\t\t\t<div class=\"elementor-widget-container\">\n\t\t\t\n\t\t<div class=\"ova-title\">\n\n\t\t\t\t\t\t\t<h3 class=\"sub-title\">Kontakt<\/h3>\n\t\t\t\n\t\t\t\t\t\t\t\t\t\t\t\t\t\t<h2 class=\"title\">\n\t\t\t\t\t\t\t\tMasz jakie\u015b pytania?\t\t\t\t\t\t\t<\/h2>\n\t\t\t\t\t\t\t\n\t\t\t\n\t\t<\/div> \n\t\t\t\t<\/div>\n\t\t\t\t<\/div>\n\t\t\t\t<div class=\"elementor-element elementor-element-21ccb5c ova-contact-page elementor-widget elementor-widget-shortcode\" data-id=\"21ccb5c\" data-element_type=\"widget\" data-widget_type=\"shortcode.default\">\n\t\t\t\t<div class=\"elementor-widget-container\">\n\t\t\t\t\t<div class=\"elementor-shortcode\">\n<div class=\"wpcf7 no-js\" id=\"wpcf7-f5285-o1\" lang=\"pl-PL\" dir=\"ltr\">\n<div class=\"screen-reader-response\"><p role=\"status\" aria-live=\"polite\" aria-atomic=\"true\"><\/p> <ul><\/ul><\/div>\n<form action=\"\/pl\/wp-json\/wp\/v2\/pages\/5257#wpcf7-f5285-o1\" method=\"post\" class=\"wpcf7-form init\" aria-label=\"Contact form\" novalidate=\"novalidate\" data-status=\"init\">\n<div style=\"display: none;\">\n<input type=\"hidden\" name=\"_wpcf7\" value=\"5285\" \/>\n<input type=\"hidden\" name=\"_wpcf7_version\" value=\"5.9.2\" \/>\n<input type=\"hidden\" name=\"_wpcf7_locale\" value=\"pl_PL\" \/>\n<input type=\"hidden\" name=\"_wpcf7_unit_tag\" value=\"wpcf7-f5285-o1\" \/>\n<input type=\"hidden\" name=\"_wpcf7_container_post\" value=\"0\" \/>\n<input type=\"hidden\" name=\"_wpcf7_posted_data_hash\" value=\"\" \/>\n<input type=\"hidden\" name=\"_wpcf7_recaptcha_response\" value=\"\" \/>\n<\/div>\n<div class=\"ova-wpcf7 contact-form \">\n\t<div class=\"ova-text\">\n\t\t<p><span class=\"wpcf7-form-control-wrap\" data-name=\"your-name\"><input size=\"40\" class=\"wpcf7-form-control wpcf7-text wpcf7-validates-as-required name\" aria-required=\"true\" aria-invalid=\"false\" placeholder=\"Imi\u0119 i nazwisko\" value=\"\" type=\"text\" name=\"your-name\" \/><\/span>\n\t\t<\/p>\n\t<\/div>\n\t<div class=\"ova-email\">\n\t\t<p><span class=\"wpcf7-form-control-wrap\" data-name=\"your-email\"><input size=\"40\" class=\"wpcf7-form-control wpcf7-email wpcf7-validates-as-required wpcf7-text wpcf7-validates-as-email email\" aria-required=\"true\" aria-invalid=\"false\" placeholder=\"Adres e-mail\" value=\"\" type=\"email\" name=\"your-email\" \/><\/span>\n\t\t<\/p>\n\t<\/div>\n\t<div class=\"ova-phone\">\n\t\t<p><span class=\"wpcf7-form-control-wrap\" data-name=\"tel-780\"><input size=\"40\" class=\"wpcf7-form-control wpcf7-tel wpcf7-validates-as-required wpcf7-text wpcf7-validates-as-tel phone\" aria-required=\"true\" aria-invalid=\"false\" placeholder=\"Numer telefonu\" value=\"\" type=\"tel\" name=\"tel-780\" \/><\/span>\n\t\t<\/p>\n\t<\/div>\n\t<div class=\"ova-textarea\">\n\t\t<p><span class=\"wpcf7-form-control-wrap\" data-name=\"your-message\"><textarea cols=\"40\" rows=\"10\" class=\"wpcf7-form-control wpcf7-textarea message\" aria-invalid=\"false\" placeholder=\"Wpisz wiadomo\u015b\u0107\" name=\"your-message\"><\/textarea><\/span>\n\t\t<\/p>\n\t<\/div>\n\t<div class=\"ova-submit\">\n\t\t<p><button type=\"submit\" class=\"wpcf7-form-control has-spinner wpcf7-submit\"><span>Wy\u015blij<\/span><\/button>\n\t\t<\/p>\n\t<\/div>\n<\/div><p style=\"display: none !important;\" class=\"akismet-fields-container\" data-prefix=\"_wpcf7_ak_\"><label>&#916;<textarea name=\"_wpcf7_ak_hp_textarea\" cols=\"45\" rows=\"8\" maxlength=\"100\"><\/textarea><\/label><input type=\"hidden\" id=\"ak_js_1\" name=\"_wpcf7_ak_js\" value=\"128\"\/><script>document.getElementById( \"ak_js_1\" ).setAttribute( \"value\", ( new Date() ).getTime() );<\/script><\/p><div class=\"wpcf7-response-output\" aria-hidden=\"true\"><\/div>\n<\/form>\n<\/div>\n<\/div>\n\t\t\t\t<\/div>\n\t\t\t\t<\/div>\n\t\t\t\t\t<\/div>\n\t\t<\/div>\n\t\t\t\t\t<\/div>\n\t\t<\/section>\n\t\t\t\t<section class=\"elementor-section elementor-top-section elementor-element elementor-element-0ec9a68 elementor-section-full_width elementor-section-height-default elementor-section-height-default\" data-id=\"0ec9a68\" data-element_type=\"section\">\n\t\t\t\t\t\t<div class=\"elementor-container elementor-column-gap-no\">\n\t\t\t\t\t<div class=\"elementor-column elementor-col-100 elementor-top-column elementor-element elementor-element-fc5198b\" data-id=\"fc5198b\" data-element_type=\"column\">\n\t\t\t<div class=\"elementor-widget-wrap elementor-element-populated\">\n\t\t\t\t\t\t<div class=\"elementor-element elementor-element-080f03e elementor-widget elementor-widget-google_maps\" data-id=\"080f03e\" data-element_type=\"widget\" data-widget_type=\"google_maps.default\">\n\t\t\t\t<div class=\"elementor-widget-container\">\n\t\t\t<style>\/*! elementor - v3.20.0 - 13-03-2024 *\/\n.elementor-widget-google_maps .elementor-widget-container{overflow:hidden}.elementor-widget-google_maps .elementor-custom-embed{line-height:0}.elementor-widget-google_maps iframe{height:300px}<\/style>\t\t<div class=\"elementor-custom-embed\">\n\t\t\t<iframe loading=\"lazy\"\n\t\t\t\t\tsrc=\"https:\/\/maps.google.com\/maps?q=Senate%20House%2C%20Malet%20St%2C%20London%20WC1E%207HU&#038;t=m&#038;z=10&#038;output=embed&#038;iwloc=near\"\n\t\t\t\t\ttitle=\"Senate House, Malet St, London WC1E 7HU\"\n\t\t\t\t\taria-label=\"Senate House, Malet St, London WC1E 7HU\"\n\t\t\t><\/iframe>\n\t\t<\/div>\n\t\t\t\t<\/div>\n\t\t\t\t<\/div>\n\t\t\t\t\t<\/div>\n\t\t<\/div>\n\t\t\t\t\t<\/div>\n\t\t<\/section>\n\t\t\t\t<\/div>\n\t\t","protected":false},"excerpt":{"rendered":"<p>Skontaktuj si\u0119 z nami Zapraszamy do kontaktu z SAFETRUCK Jeste\u015bmy do Twojej dyspozycji od poniedzia\u0142ku do pi\u0105tku w godzinach od 9:00 do 17:00. Jednak jeste\u015bmy \u015bwiadomi, \u017ce transport jest nieprzewidywalny \u2013 dlatego w przypadkach nag\u0142ych (wypadki, aresztowania, zatrzymania pojazdu) staramy si\u0119 Wam pom\u00f3c o ka\u017cdej porze dnia i nocy. W takim przypadku najlepiej wys\u0142a\u0107 wiadomo\u015b\u0107 [&hellip;]<\/p>\n","protected":false},"author":1,"featured_media":0,"parent":0,"menu_order":0,"comment_status":"closed","ping_status":"closed","template":"elementor_header_footer","meta":{"footnotes":""},"class_list":["post-5257","page","type-page","status-publish","hentry"],"aioseo_notices":[],"_links":{"self":[{"href":"https:\/\/safetruck.uk\/pl\/wp-json\/wp\/v2\/pages\/5257","targetHints":{"allow":["GET"]}}],"collection":[{"href":"https:\/\/safetruck.uk\/pl\/wp-json\/wp\/v2\/pages"}],"about":[{"href":"https:\/\/safetruck.uk\/pl\/wp-json\/wp\/v2\/types\/page"}],"author":[{"embeddable":true,"href":"https:\/\/safetruck.uk\/pl\/wp-json\/wp\/v2\/users\/1"}],"replies":[{"embeddable":true,"href":"https:\/\/safetruck.uk\/pl\/wp-json\/wp\/v2\/comments?post=5257"}],"version-history":[{"count":14,"href":"https:\/\/safetruck.uk\/pl\/wp-json\/wp\/v2\/pages\/5257\/revisions"}],"predecessor-version":[{"id":5747,"href":"https:\/\/safetruck.uk\/pl\/wp-json\/wp\/v2\/pages\/5257\/revisions\/5747"}],"wp:attachment":[{"href":"https:\/\/safetruck.uk\/pl\/wp-json\/wp\/v2\/media?parent=5257"}],"curies":[{"name":"wp","href":"https:\/\/api.w.org\/{rel}","templated":true}]}}